{"id":8,"date":"2020-01-23T15:22:35","date_gmt":"2020-01-23T15:22:35","guid":{"rendered":"http:\/\/24h-schwimmen-haar.de\/?page_id=8"},"modified":"2025-09-24T22:24:30","modified_gmt":"2025-09-24T22:24:30","slug":"home","status":"publish","type":"page","link":"https:\/\/24h-schwimmen-haar.de\/","title":{"rendered":"Home"},"content":{"rendered":"\n<p>Dies ist die offizielle Homepage der DLRG OV Haar e.V. f\u00fcr das von uns veranstaltete 24 Stunden Schwimmen. Herzlich Willkommen auf unserer Seite!<\/p>\n\n\n\n<hr class=\"wp-block-separator has-css-opacity\"\/>\n\n\n\n<p><strong>Das n\u00e4chste 24h Schwimmen in Haar steht in den Startl\u00f6chern! Am 25. Oktober 2025 findet das <\/strong><strong>24-Stunden-Schwimmen in Haar statt!<\/strong><\/p>\n\n\n\n<p>Das 24-Stunden-Schwimmen findet am Wochenende <strong>25.-26. Oktober 2025 <\/strong>statt.<\/p>\n\n\n\n<figure class=\"wp-block-table\"><table><tbody><tr><td>Anreise: <\/td><td>Sa. 25.10.<\/td><td>ab 10:00 Uhr<\/td><\/tr><tr><td>Start: <\/td><td>Sa. 25.10.<\/td><td>um 12:00 Uhr<\/td><\/tr><tr><td>Ende: <\/td><td>So. 26.10.<\/td><td>um 11:00 Uhr<\/td><\/tr><tr><td>Siegerehrung:<\/td><td>So. 26.10.<\/td><td>ca. 13:30 Uhr<\/td><\/tr><\/tbody><\/table><\/figure>\n\n\n\n<p><strong>Veranstaltungsort: <br><\/strong>Hallenbad am Jagdfeldring<br>Jagdfeldring 82\/ Waldluststr. 6 (Eingang)<br>85540 Haar<\/p>\n\n\n\n<p>Die <strong>Anmeldung <\/strong>f\u00fcr Einzelteilnehmer als auch Mannschaften ist auf dieser Seite m\u00f6glich und wurde <strong>freigeschalten<\/strong>. <br><br>Wir freuen uns schon jetzt \u00fcber die zahlreichen Anmeldungen und eure Teilnahme!<\/p>\n\n\n\n<hr class=\"wp-block-separator has-css-opacity\"\/>\n\n\n\n<p><strong>Startgeb\u00fchren:<\/strong><br><\/p>\n\n\n\n<div class=\"wp-block-columns is-layout-flex wp-container-core-columns-is-layout-28f84493 wp-block-columns-is-layout-flex\">\n<div class=\"wp-block-column is-layout-flow wp-block-column-is-layout-flow\" style=\"flex-basis:100%\">\n<p>Erwachsene: 25 \u20ac (bis einschlie\u00dflich Jahrgang 2007)<br>Kinder\/ Jugendliche: 20 \u20ac (ab Jahrgang 2008 und j\u00fcnger)<\/p>\n\n\n\n<p>Die Startgeb\u00fchr berechtigt zum Eintritt in das Hallenbad w\u00e4hrend der Veranstaltungszeit. In der<br>Startgeb\u00fchr ist ein 3,00 \u20ac Verzehrgutschein enthalten. F\u00fcr Gruppenteilnehmer gelten die<br>gleichen Startgeb\u00fchren, da jeder Gruppenteilnehmer automatisch auch an der Einzelwertung<br>teilnimmt.<\/p>\n<\/div>\n<\/div>\n\n\n\n<hr class=\"wp-block-separator has-alpha-channel-opacity\"\/>\n\n\n\n<p><strong>Teilnahmebedingungen:<\/strong><br>Voraussetzung zur Teilnahme ist, dass mindestens 50m bei 2m Wassertiefe ohne Hilfsmittel geschwommen werden k\u00f6nnen. Schwimmhilfen sind w\u00e4hrend der Veranstaltung nicht erlaubt. Nach jeder Bahn muss der Beckenrand ber\u00fchrt werden.<\/p>\n\n\n\n<p>Die Teilnehmerzahl ist auf 160 Pl\u00e4tze begrenzt. <\/p>\n\n\n\n<p>Die Startunterlagen m\u00fcssen am 25. Oktober bis 20 Uhr abgeholt werden, ansonsten verf\u00e4llt die Anmeldung. Personen unter 18 Jahren m\u00fcssen eine Einverst\u00e4ndniserkl\u00e4rung ihres Erziehungsberechtigten mitbringen.<\/p>\n\n\n\n<p>Die Bahnen sind nach Schwimmgeschwindigkeit unterteilt. Jeder Teilnehmer kann die f\u00fcr ihn passende Bahn selbst w\u00e4hlen. Das Orga-Team und die jeweiligen Bahnenz\u00e4hler k\u00f6nnen Schwimmer jedoch bei gegebenem Anlass auf eine andere Bahn schicken.<\/p>\n\n\n\n<p>Des Weiteren beh\u00e4lt sich das Orga Team vor Schwimmerinnen und Schwimmer ggf. des Bades zu verweisen und das Weiterschwimmen zu untersagen.<\/p>\n\n\n\n<p>F\u00fcr jede Gruppe ist ein Betreuer als Verantwortlicher zu melden. Eine Gruppe besteht aus mindestens 5 Schwimmern. Jeder Einzelteilnehmer darf gleichzeitig nur an einer Gruppenwertung teilnehmen. Die Gruppe muss bei der Anmeldung eindeutig vermerkt werden.<\/p>\n\n\n\n<p>Jede gemeldete Gruppe muss pro 5 Teilnehmer zus\u00e4tzlich einen Helfer benennen, welcher dem Orga-Team als Bahnenz\u00e4hler f\u00fcr mindestens 2 Stunden zur Verf\u00fcgung steht. Jeder Helfer kann seine Wunschzeit angeben, das Orga-Team wird versuchen diese so gut wie m\u00f6glich einzuhalten, eine Garantie kann hier allerdings nicht gegeben werden. Als Helfer k\u00f6nnen auch Schwimmer aus der Mannschaft eingesetzt werden.<\/p>\n\n\n\n<p>Das Verlassen des Schwimmbeckens ist nur auf der Einstiegsseite gestattet. Auch bei kurzem Verlassen des Schwimmbeckens muss die bereitgestellte Badekappe wieder abgegeben werden, damit eine Austragung vorgenommen werden kann.<\/p>\n\n\n\n<figure class=\"wp-block-image aligncenter size-large\"><img loading=\"lazy\" decoding=\"async\" width=\"180\" height=\"180\" src=\"https:\/\/24h-schwimmen-haar.de\/wp-content\/uploads\/2020\/01\/logo.jpg\" alt=\"\" class=\"wp-image-12\" srcset=\"https:\/\/24h-schwimmen-haar.de\/wp-content\/uploads\/2020\/01\/logo.jpg 180w, https:\/\/24h-schwimmen-haar.de\/wp-content\/uploads\/2020\/01\/logo-150x150.jpg 150w\" sizes=\"auto, (max-width: 180px) 100vw, 180px\" \/><\/figure>\n\n\n\n<hr class=\"wp-block-separator has-css-opacity\"\/>\n\n\n\n<p><strong>Wertung \/ Siegerehrung: <\/strong><br>Es wird die zur\u00fcckgelegte Strecke in vollen 50 Metern (entspricht 2 Bahnen) gewertet, alle Einzelstrecken werden addiert. Die Schwimmart ist beliebig.<br>Bei der Einzelwertung wird die innerhalb von 24 Stunden geschwommene Strecke gewertet. Die Wertung f\u00fcr jede gemeldete Gruppe ergibt sich aus der Addition der Schwimmstrecke ihrer Einzelschwimmer, geteilt durch die Anzahl der Gruppenmitglieder.<br>F\u00fcr die Wertung gilt grunds\u00e4tzlich die durch die Bahnenz\u00e4hler gez\u00e4hlte Strecke, alle durch die Teilnehmer mitgebrachten Hilfsmittel zur Ermittlung der eigenen Schwimmstrecke werden aus Gr\u00fcnden der Ungenauigkeit nicht anerkannt und werden nicht als Vergleichsma\u00dfstab angenommen.<br>Jeder Teilnehmer erh\u00e4lt eine Urkunde.<\/p>\n\n\n\n<hr class=\"wp-block-separator has-alpha-channel-opacity\"\/>\n\n\n\n<p class=\"has-medium-font-size\"><strong><mark style=\"background-color:rgba(0, 0, 0, 0)\" class=\"has-inline-color has-luminous-vivid-orange-color\">**Ge\u00e4nderte Altersklassen und Strecken**<\/mark><\/strong><\/p>\n\n\n\n<p><strong>Ehrungen f\u00fcr Kinder<\/strong> (Jahrgang 2013 und j\u00fcnger)<br>Bis 2.000m Teilnehmerurkunde<br>2.050m bis 4.000m Teilnehmerurkunde und Bronzemedaille<br>4.050m bis 5.000m Teilnehmerurkunde und Silbermedaille<br>5.050m und mehr Teilnehmerurkunde und Goldmedaille<br>Die besten drei Kinder erhalten einen Pokal.<\/p>\n\n\n\n<p><strong>Ehrungen f\u00fcr Jugendliche<\/strong> (Jahrgang 2008 -2012):<br>Bis 5.000m Teilnehmerurkunde<br>5.050m bis 10.000m Teilnehmerurkunde und Bronzemedaille<br>10.050m bis 15.000m Teilnehmerurkunde und Silbermedaille<br>15.050m und mehr Teilnehmerurkunde und Goldmedaille<br>Die 3 besten weiblichen und m\u00e4nnlichen Jugendlichen erhalten einen Pokal.<\/p>\n\n\n\n<p><strong>Ehrungen f\u00fcr Erwachsene<\/strong> (Jahrgang 2007 und \u00e4lter):<br>Bis 10.000m Teilnehmerurkunde<br>10.050m bis 15.000m Teilnehmerurkunde und Bronzemedaille<br>15.050m bis 20.000m Teilnehmerurkunde und Silbermedaille<br>20.050m und mehr Teilnehmerurkunde und Goldmedaille<br>Die 3 besten weiblichen und m\u00e4nnlichen Erwachsenen erhalten einen Pokal.<\/p>\n\n\n\n<p><strong>Gruppenehrung:<\/strong><br>Die 3 besten Gruppen erhalten einen Pokal<\/p>\n\n\n\n<p><strong>Sonderwertung und Sonderpokale<\/strong><\/p>\n\n\n\n<p>Auch in diesem Jahr wird es wieder eine Sonderwertung, den Mondscheinschwimmer geben. Dieser wird altersklassen- und geschlechter\u00fcbergreifend ausgeschwommen.<\/p>\n\n\n\n<hr class=\"wp-block-separator has-alpha-channel-opacity\"\/>\n\n\n\n<p><strong>Ruhem\u00f6glichkeiten und Verpflegung:<\/strong><br>Eine Ruhem\u00f6glichkeit ist vor Ort in der angrenzenden Turnhalle gegeben. Bitte eigenen Schlafsack oder Decke sowie Isomatte mitbringen. Es steht nur eine begrenzte Anzahl an Turnmatten zur Verf\u00fcgung.<\/p>\n\n\n\n<p><br>Ein warmes Abendessen, Fr\u00fchst\u00fcck sowie weitere Speisen, Snacks und Getr\u00e4nke k\u00f6nnen direkt vor Ort zu g\u00fcnstigen Preisen erworben werden.<\/p>\n\n\n\n<hr class=\"wp-block-separator has-alpha-channel-opacity\"\/>\n\n\n\n<p><strong>Ver\u00f6ffentlichung von Fotos, Videos und Ergebnissen<\/strong>:<br>Der Veranstalter beh\u00e4lt sich das Recht vor, selbst Fotos und Videos w\u00e4hrend der Veranstaltung zu erstellen und diese f\u00fcr die \u00d6ffentlichkeitsarbeit und f\u00fcr interne Zwecke zu verwenden.<br>Eine Auswahl der Bilder wird u. a. im Vorraum sowie ggf. auf der Siegerehrung pr\u00e4sentiert bzw. auf unserer Homepage ver\u00f6ffentlicht und (z. B. als DVD oder USB-Stick) an die Teilnehmer weitergegeben. Die Ergebnisse und Bilder werden w\u00e4hrend der Veranstaltung immer wieder auf unserer Facebook Seite ver\u00f6ffentlicht und die Endergebnisse (Name und geschwommene Strecke) zus\u00e4tzlich auf der Veranstaltungshomepage. Die Teilnehmer dieser Veranstaltung erkl\u00e4ren sich mit dieser Regelung einverstanden.<\/p>\n\n\n\n<p><strong>Haftung:<\/strong><br>Der Veranstalter \u00fcbernimmt keinerlei Haftung f\u00fcr Diebstahl, gesundheitliche Risiken und Unf\u00e4lle<br>w\u00e4hrend der Veranstaltung. Jegliche Anspr\u00fcche gegen den Veranstalter sind ausgeschlossen.<br>Bei Versto\u00df gegen die Hausordnung oder unfairem \/ unsportlichem Verhalten beh\u00e4lt sich der<br>Veranstalter das Recht vor, den Teilnehmer ohne Erstattung der Anmeldegeb\u00fchr, von der<br>Veranstaltung auszuschlie\u00dfen. Jegliche Haftung durch die Gemeinde als Betreiber wird ebenfalls<br>ausgeschlossen.<\/p>\n\n\n\n<p>Wir freuen uns auf eure Teilnahme!<\/p>\n\n\n\n<hr class=\"wp-block-separator has-css-opacity\"\/>\n","protected":false},"excerpt":{"rendered":"<p>Dies ist die offizielle Homepage der DLRG OV Haar e.V. f\u00fcr das von uns veranstaltete 24 Stunden Schwimmen. Herzlich Willkommen auf unserer Seite! Das n\u00e4chste 24h Schwimmen in Haar steht in den Startl\u00f6chern! Am 25. Oktober 2025 findet das 24-Stunden-Schwimmen in Haar statt! Das 24-Stunden-Schwimmen findet am Wochenende 25.-26. Oktober 2025 statt. Anreise: Sa. 25.10. [&hellip;]<\/p>\n","protected":false},"author":1,"featured_media":0,"parent":0,"menu_order":0,"comment_status":"closed","ping_status":"closed","template":"","meta":{"footnotes":""},"class_list":["post-8","page","type-page","status-publish","hentry"],"_links":{"self":[{"href":"https:\/\/24h-schwimmen-haar.de\/index.php?rest_route=\/wp\/v2\/pages\/8","targetHints":{"allow":["GET"]}}],"collection":[{"href":"https:\/\/24h-schwimmen-haar.de\/index.php?rest_route=\/wp\/v2\/pages"}],"about":[{"href":"https:\/\/24h-schwimmen-haar.de\/index.php?rest_route=\/wp\/v2\/types\/page"}],"author":[{"embeddable":true,"href":"https:\/\/24h-schwimmen-haar.de\/index.php?rest_route=\/wp\/v2\/users\/1"}],"replies":[{"embeddable":true,"href":"https:\/\/24h-schwimmen-haar.de\/index.php?rest_route=%2Fwp%2Fv2%2Fcomments&post=8"}],"version-history":[{"count":60,"href":"https:\/\/24h-schwimmen-haar.de\/index.php?rest_route=\/wp\/v2\/pages\/8\/revisions"}],"predecessor-version":[{"id":980,"href":"https:\/\/24h-schwimmen-haar.de\/index.php?rest_route=\/wp\/v2\/pages\/8\/revisions\/980"}],"wp:attachment":[{"href":"https:\/\/24h-schwimmen-haar.de\/index.php?rest_route=%2Fwp%2Fv2%2Fmedia&parent=8"}],"curies":[{"name":"wp","href":"https:\/\/api.w.org\/{rel}","templated":true}]}}