{"id":3,"date":"2020-01-23T15:02:15","date_gmt":"2020-01-23T15:02:15","guid":{"rendered":"http:\/\/24h-schwimmen-haar.de\/?page_id=3"},"modified":"2020-01-25T12:34:34","modified_gmt":"2020-01-25T12:34:34","slug":"privacy-policy","status":"publish","type":"page","link":"https:\/\/24h-schwimmen-haar.de\/?page_id=3","title":{"rendered":"Impressum"},"content":{"rendered":"\n<h3 class=\"wp-block-heading\">Angaben gem\u00e4\u00df \u00a7 5 TMG:<\/h3>\n\n\n\n<p>DLRG OV Haar e. V.<br>Postfach 1104<br>85529 Haar<\/p>\n\n\n\n<h3 class=\"wp-block-heading\">Vertreten durch:<\/h3>\n\n\n\n<p>Christian Ludwig<br>Vorsitzender des Vorstands<br>Postfach 1104<br>85529 Haar\n<\/p>\n\n\n\n<h3 class=\"wp-block-heading\">Kontakt:<\/h3>\n\n\n\n<p><strong>Wenn Sie konkrete Fragen zu einem Thema haben benutzen Sie bitte unser&nbsp;<a href=\"https:\/\/haar.dlrg.de\/kontakt\/\">Kontaktformular<\/a>!<\/strong><br>Sollten Sie rechtliche Fragen haben k\u00f6nnen Sie uns jederzeit unter folgender Stelle erreichen:<\/p>\n\n\n\n<figure class=\"wp-block-table\"><table class=\"\"><tbody><tr><td>E-Mail:<\/td><td><a href=\"javascript:linkTo_UnCryptMailto('nbjmup+wpstjuaAibbs\\\/emsh\\\/ef');\">vorsitz@haar.dlrg.de<\/a><\/td><\/tr><\/tbody><\/table><\/figure>\n\n\n\n<h3 class=\"wp-block-heading\">Registereintrag:<\/h3>\n\n\n\n<p>Eintragung im Vereinsregister.&nbsp;<br>Registergericht: M\u00fcnchen&nbsp;<br>Registernummer: 13865\n<\/p>\n\n\n\n<h3 class=\"wp-block-heading\">Verantwortlich f\u00fcr den Inhalt nach \u00a7 55 Abs. 2 RStV:<\/h3>\n\n\n\n<p>Stephan Dreyer<br>Referat Internet<br>Johann-Karg-Str. 81A<br>85540 Haar\n<\/p>\n\n\n\n<h3 class=\"wp-block-heading\">Haftungsausschluss:<\/h3>\n\n\n\n<p><strong>Haftung f\u00fcr Inhalte<\/strong><\/p>\n\n\n\n<p>Die \nInhalte unserer Seiten wurden mit gr\u00f6\u00dfter Sorgfalt erstellt. F\u00fcr die \nRichtigkeit, Vollst\u00e4ndigkeit und Aktualit\u00e4t der Inhalte k\u00f6nnen wir \njedoch keine Gew\u00e4hr \u00fcbernehmen. Als Diensteanbieter sind wir gem\u00e4\u00df \u00a7 7 \nAbs.1 TMG f\u00fcr eigene Inhalte auf diesen Seiten nach den allgemeinen \nGesetzen verantwortlich. Nach \u00a7\u00a7 8 bis 10 TMG sind wir als \nDiensteanbieter jedoch nicht verpflichtet, \u00fcbermittelte oder \ngespeicherte fremde Informationen zu \u00fcberwachen oder nach Umst\u00e4nden zu \nforschen, die auf eine rechtswidrige T\u00e4tigkeit hinweisen. \nVerpflichtungen zur Entfernung oder Sperrung der Nutzung von \nInformationen nach den allgemeinen Gesetzen bleiben hiervon unber\u00fchrt. \nEine diesbez\u00fcgliche Haftung ist jedoch erst ab dem Zeitpunkt der \nKenntnis einer konkreten Rechtsverletzung m\u00f6glich. Bei Bekanntwerden von\n entsprechenden Rechtsverletzungen werden wir diese Inhalte umgehend \nentfernen.\n<\/p>\n\n\n\n<p><strong>Haftung f\u00fcr Links<\/strong><\/p>\n\n\n\n<p>Unser Angebot enth\u00e4lt Links zu \nexternen Webseiten Dritter, auf deren Inhalte wir keinen Einfluss haben.\n Deshalb k\u00f6nnen wir f\u00fcr diese fremden Inhalte auch keine Gew\u00e4hr \n\u00fcbernehmen. F\u00fcr die Inhalte der verlinkten Seiten ist stets der \njeweilige Anbieter oder Betreiber der Seiten verantwortlich. Die \nverlinkten Seiten wurden zum Zeitpunkt der Verlinkung auf m\u00f6gliche \nRechtsverst\u00f6\u00dfe \u00fcberpr\u00fcft. Rechtswidrige Inhalte waren zum Zeitpunkt der \nVerlinkung nicht erkennbar. Eine permanente inhaltliche Kontrolle der \nverlinkten Seiten ist jedoch ohne konkrete Anhaltspunkte einer \nRechtsverletzung nicht zumutbar. Bei Bekanntwerden von \nRechtsverletzungen werden wir derartige Links umgehend entfernen.\n<\/p>\n\n\n\n<p><strong>Urheberrecht<\/strong><\/p>\n\n\n\n<p>Die durch die Seitenbetreiber \nerstellten Inhalte und Werke auf diesen Seiten unterliegen dem deutschen\n Urheberrecht. Die Vervielf\u00e4ltigung, Bearbeitung, Verbreitung und jede \nArt der Verwertung au\u00dferhalb der Grenzen des Urheberrechtes bed\u00fcrfen der\n schriftlichen Zustimmung des jeweiligen Autors bzw. Erstellers. \nDownloads und Kopien dieser Seite sind nur f\u00fcr den privaten, nicht \nkommerziellen Gebrauch gestattet. Soweit die Inhalte auf dieser Seite \nnicht vom Betreiber erstellt wurden, werden die Urheberrechte Dritter \nbeachtet. Insbesondere werden Inhalte Dritter als solche gekennzeichnet.\n Sollten Sie trotzdem auf eine Urheberrechtsverletzung aufmerksam \nwerden, bitten wir um einen entsprechenden Hinweis. Bei Bekanntwerden \nvon Rechtsverletzungen werden wir derartige Inhalte umgehend entfernen.<\/p>\n","protected":false},"excerpt":{"rendered":"<p>Angaben gem\u00e4\u00df \u00a7 5 TMG: DLRG OV Haar e. V.Postfach 110485529 Haar Vertreten durch: Christian LudwigVorsitzender des VorstandsPostfach 110485529 Haar Kontakt: Wenn Sie konkrete Fragen zu einem Thema haben benutzen Sie bitte unser&nbsp;Kontaktformular!Sollten Sie rechtliche Fragen haben k\u00f6nnen Sie uns jederzeit unter folgender Stelle erreichen: E-Mail: vorsitz@haar.dlrg.de Registereintrag: Eintragung im Vereinsregister.&nbsp;Registergericht: M\u00fcnchen&nbsp;Registernummer: 13865 Verantwortlich f\u00fcr [&hellip;]<\/p>\n","protected":false},"author":1,"featured_media":0,"parent":0,"menu_order":0,"comment_status":"closed","ping_status":"open","template":"","meta":{"footnotes":""},"class_list":["post-3","page","type-page","status-publish","hentry"],"_links":{"self":[{"href":"https:\/\/24h-schwimmen-haar.de\/index.php?rest_route=\/wp\/v2\/pages\/3","targetHints":{"allow":["GET"]}}],"collection":[{"href":"https:\/\/24h-schwimmen-haar.de\/index.php?rest_route=\/wp\/v2\/pages"}],"about":[{"href":"https:\/\/24h-schwimmen-haar.de\/index.php?rest_route=\/wp\/v2\/types\/page"}],"author":[{"embeddable":true,"href":"https:\/\/24h-schwimmen-haar.de\/index.php?rest_route=\/wp\/v2\/users\/1"}],"replies":[{"embeddable":true,"href":"https:\/\/24h-schwimmen-haar.de\/index.php?rest_route=%2Fwp%2Fv2%2Fcomments&post=3"}],"version-history":[{"count":1,"href":"https:\/\/24h-schwimmen-haar.de\/index.php?rest_route=\/wp\/v2\/pages\/3\/revisions"}],"predecessor-version":[{"id":63,"href":"https:\/\/24h-schwimmen-haar.de\/index.php?rest_route=\/wp\/v2\/pages\/3\/revisions\/63"}],"wp:attachment":[{"href":"https:\/\/24h-schwimmen-haar.de\/index.php?rest_route=%2Fwp%2Fv2%2Fmedia&parent=3"}],"curies":[{"name":"wp","href":"https:\/\/api.w.org\/{rel}","templated":true}]}}